{"id":51710,"date":"2023-01-19T16:01:57","date_gmt":"2023-01-19T15:01:57","guid":{"rendered":"https:\/\/dev.autoricambilamolinara.com\/collettore-di-aspirazione-lancia-beta-montecarlo-doppiocorpo-weber-dcnf-40-42-44\/"},"modified":"2023-02-02T16:05:00","modified_gmt":"2023-02-02T15:05:00","slug":"collettore-di-aspirazione-lancia-beta-montecarlo-doppiocorpo-weber-dcnf-40-42-44","status":"publish","type":"product","link":"https:\/\/www.autoricambilamolinara.com\/de\/collettore-di-aspirazione-lancia-beta-montecarlo-doppiocorpo-weber-dcnf-40-42-44\/","title":{"rendered":"Lancia Beta Montecarlo Doppelk\u00f6rper-Ansaugkr\u00fcmmer WEBER DCNF 40 42 44"},"content":{"rendered":"<p>Ansaugkr\u00fcmmer aus Aluminium zur Montage von 2 Doppelvergasern am Lancia Beta Montecarlo WEBER DCNF 40 42 44<\/p>\n","protected":false},"excerpt":{"rendered":"<p>Lancia Beta Montecarlo Doppelk\u00f6rper-Ansaugkr\u00fcmmer WEBER DCNF 40 42 44<\/p>\n","protected":false},"featured_media":52969,"template":"","meta":{"_joinchat":[]},"product_brand":[],"product_cat":[7898,7749],"product_tag":[22569,22570,22571,22572,22573,22574,22575,22576,22577,22578,22579,22580],"class_list":{"0":"post-51710","1":"product","2":"type-product","3":"status-publish","4":"has-post-thumbnail","6":"product_cat-beta","7":"product_cat-spare-parts-auto-Lancia","8":"product_tag-40-2-de","9":"product_tag-42-2-de","10":"product_tag-44-2-de","11":"product_tag-aspirazione-de","12":"product_tag-beta-montecarlo-2-de","13":"product_tag-collettore-de","14":"product_tag-collettore-di-aspirazione-de","15":"product_tag-dcnf-2-de","16":"product_tag-lancia-3-de","17":"product_tag-lancia-beta-montecarlo-2-de","18":"product_tag-montecarlo-2-de","19":"product_tag-weber-2-de","21":"first","22":"instock","23":"taxable","24":"shipping-taxable","25":"purchasable","26":"product-type-simple"},"_links":{"self":[{"href":"https:\/\/www.autoricambilamolinara.com\/de\/wp-json\/wp\/v2\/product\/51710","targetHints":{"allow":["GET"]}}],"collection":[{"href":"https:\/\/www.autoricambilamolinara.com\/de\/wp-json\/wp\/v2\/product"}],"about":[{"href":"https:\/\/www.autoricambilamolinara.com\/de\/wp-json\/wp\/v2\/types\/product"}],"version-history":[{"count":3,"href":"https:\/\/www.autoricambilamolinara.com\/de\/wp-json\/wp\/v2\/product\/51710\/revisions"}],"predecessor-version":[{"id":51976,"href":"https:\/\/www.autoricambilamolinara.com\/de\/wp-json\/wp\/v2\/product\/51710\/revisions\/51976"}],"wp:featuredmedia":[{"embeddable":true,"href":"https:\/\/www.autoricambilamolinara.com\/de\/wp-json\/wp\/v2\/media\/52969"}],"wp:attachment":[{"href":"https:\/\/www.autoricambilamolinara.com\/de\/wp-json\/wp\/v2\/media?parent=51710"}],"wp:term":[{"taxonomy":"product_brand","embeddable":true,"href":"https:\/\/www.autoricambilamolinara.com\/de\/wp-json\/wp\/v2\/product_brand?post=51710"},{"taxonomy":"product_cat","embeddable":true,"href":"https:\/\/www.autoricambilamolinara.com\/de\/wp-json\/wp\/v2\/product_cat?post=51710"},{"taxonomy":"product_tag","embeddable":true,"href":"https:\/\/www.autoricambilamolinara.com\/de\/wp-json\/wp\/v2\/product_tag?post=51710"}],"curies":[{"name":"wp","href":"https:\/\/api.w.org\/{rel}","templated":true}]}}