{"id":51948,"date":"2022-12-29T17:00:12","date_gmt":"2022-12-29T16:00:12","guid":{"rendered":"https:\/\/dev.autoricambilamolinara.com\/radiatore-acqua-motore-nuovo-per-fiat-600-d-4169991-4233153\/"},"modified":"2023-02-02T16:43:55","modified_gmt":"2023-02-02T15:43:55","slug":"radiatore-acqua-motore-nuovo-per-fiat-600-d-4169991-4233153","status":"publish","type":"product","link":"https:\/\/www.autoricambilamolinara.com\/de\/radiatore-acqua-motore-nuovo-per-fiat-600-d-4169991-4233153\/","title":{"rendered":"Motorwasserk\u00fchler f\u00fcr Fiat 600 D 4169991 4233153"},"content":{"rendered":"<p>Motorwasserk\u00fchler f\u00fcr Fiat 600 D 4169991 4233153<\/p>\n","protected":false},"excerpt":{"rendered":"<p>Motorwasserk\u00fchler f\u00fcr Fiat 600 D 4169991 4233153<\/p>\n","protected":false},"featured_media":52781,"template":"","meta":{"_joinchat":[]},"product_brand":[],"product_cat":[7736,7792],"product_tag":[22613,22614,22615,22616,22617,22618,22619],"class_list":{"0":"post-51948","1":"product","2":"type-product","3":"status-publish","4":"has-post-thumbnail","6":"product_cat-spare-parts-auto-Fiat","7":"product_cat-fiat-600","8":"product_tag-4169991-de","9":"product_tag-4233153-de","10":"product_tag-fiat-600-2-de","11":"product_tag-fiat-600d-2-de","12":"product_tag-radiatore-de","13":"product_tag-radiatorte-motore-de","14":"product_tag-raffreddamento-de","16":"first","17":"outofstock","18":"taxable","19":"shipping-taxable","20":"purchasable","21":"product-type-simple"},"_links":{"self":[{"href":"https:\/\/www.autoricambilamolinara.com\/de\/wp-json\/wp\/v2\/product\/51948","targetHints":{"allow":["GET"]}}],"collection":[{"href":"https:\/\/www.autoricambilamolinara.com\/de\/wp-json\/wp\/v2\/product"}],"about":[{"href":"https:\/\/www.autoricambilamolinara.com\/de\/wp-json\/wp\/v2\/types\/product"}],"version-history":[{"count":1,"href":"https:\/\/www.autoricambilamolinara.com\/de\/wp-json\/wp\/v2\/product\/51948\/revisions"}],"predecessor-version":[{"id":51957,"href":"https:\/\/www.autoricambilamolinara.com\/de\/wp-json\/wp\/v2\/product\/51948\/revisions\/51957"}],"wp:featuredmedia":[{"embeddable":true,"href":"https:\/\/www.autoricambilamolinara.com\/de\/wp-json\/wp\/v2\/media\/52781"}],"wp:attachment":[{"href":"https:\/\/www.autoricambilamolinara.com\/de\/wp-json\/wp\/v2\/media?parent=51948"}],"wp:term":[{"taxonomy":"product_brand","embeddable":true,"href":"https:\/\/www.autoricambilamolinara.com\/de\/wp-json\/wp\/v2\/product_brand?post=51948"},{"taxonomy":"product_cat","embeddable":true,"href":"https:\/\/www.autoricambilamolinara.com\/de\/wp-json\/wp\/v2\/product_cat?post=51948"},{"taxonomy":"product_tag","embeddable":true,"href":"https:\/\/www.autoricambilamolinara.com\/de\/wp-json\/wp\/v2\/product_tag?post=51948"}],"curies":[{"name":"wp","href":"https:\/\/api.w.org\/{rel}","templated":true}]}}