{"id":51953,"date":"2022-12-27T14:54:19","date_gmt":"2022-12-27T13:54:19","guid":{"rendered":"https:\/\/dev.autoricambilamolinara.com\/506023-532125\/"},"modified":"2023-02-13T10:23:53","modified_gmt":"2023-02-13T09:23:53","slug":"506023-532125","status":"publish","type":"product","link":"https:\/\/www.autoricambilamolinara.com\/de\/506023-532125\/","title":{"rendered":"506023 Alfa Romeo Alfasud Super Sprint 33 Systemheizk\u00f6rper Ipra"},"content":{"rendered":"<p>Heizk\u00f6rper f\u00fcr Alfa Romeo Originale<br \/>\nNeuer Aktienfonds.<\/p>\n<p>Anlage IPRA<br \/>\nF\u00fcr Alfasud 33 Sprint Super ecc.<\/p>\n<p>Codice IPRA stampato: 84659<br \/>\nCodice Alfa Romeo 60746060 \/ 536023<\/p>\n","protected":false},"excerpt":{"rendered":"<p>Original Heizk\u00f6rper f\u00fcr Alfa Romeo<\/p>\n","protected":false},"featured_media":52364,"template":"","meta":{"_joinchat":[]},"product_brand":[],"product_cat":[7820,7819],"product_tag":[22658,22659,22660,22661,22662,22663,22664,22665],"class_list":{"0":"post-51953","1":"product","2":"type-product","3":"status-publish","4":"has-post-thumbnail","6":"product_cat-alfa-33","7":"product_cat-alfa-romeo-alfasud","8":"product_tag-536023-de","9":"product_tag-60746060-de","10":"product_tag-84659-de","11":"product_tag-alfa-2-de","12":"product_tag-alfa-romeo-2-de","13":"product_tag-alfasud-2-de","14":"product_tag-ipra-2-de","15":"product_tag-radiatore-riscaldamento-de","17":"first","18":"outofstock","19":"taxable","20":"shipping-taxable","21":"purchasable","22":"product-type-simple"},"_links":{"self":[{"href":"https:\/\/www.autoricambilamolinara.com\/de\/wp-json\/wp\/v2\/product\/51953","targetHints":{"allow":["GET"]}}],"collection":[{"href":"https:\/\/www.autoricambilamolinara.com\/de\/wp-json\/wp\/v2\/product"}],"about":[{"href":"https:\/\/www.autoricambilamolinara.com\/de\/wp-json\/wp\/v2\/types\/product"}],"version-history":[{"count":3,"href":"https:\/\/www.autoricambilamolinara.com\/de\/wp-json\/wp\/v2\/product\/51953\/revisions"}],"predecessor-version":[{"id":52033,"href":"https:\/\/www.autoricambilamolinara.com\/de\/wp-json\/wp\/v2\/product\/51953\/revisions\/52033"}],"wp:featuredmedia":[{"embeddable":true,"href":"https:\/\/www.autoricambilamolinara.com\/de\/wp-json\/wp\/v2\/media\/52364"}],"wp:attachment":[{"href":"https:\/\/www.autoricambilamolinara.com\/de\/wp-json\/wp\/v2\/media?parent=51953"}],"wp:term":[{"taxonomy":"product_brand","embeddable":true,"href":"https:\/\/www.autoricambilamolinara.com\/de\/wp-json\/wp\/v2\/product_brand?post=51953"},{"taxonomy":"product_cat","embeddable":true,"href":"https:\/\/www.autoricambilamolinara.com\/de\/wp-json\/wp\/v2\/product_cat?post=51953"},{"taxonomy":"product_tag","embeddable":true,"href":"https:\/\/www.autoricambilamolinara.com\/de\/wp-json\/wp\/v2\/product_tag?post=51953"}],"curies":[{"name":"wp","href":"https:\/\/api.w.org\/{rel}","templated":true}]}}