{"id":52308,"date":"2023-02-10T17:59:37","date_gmt":"2023-02-10T16:59:50","guid":{"rendered":"https:\/\/dev.autoricambilamolinara.com\/?post_type=product&#038;p=52308"},"modified":"2023-02-15T22:55:22","modified_gmt":"2023-02-15T21:55:22","slug":"ansaugkruemmer-fuer-fiat-x1-9-fuer-zwei-weber-dcoe-40-vergaser","status":"publish","type":"product","link":"https:\/\/www.autoricambilamolinara.com\/de\/ansaugkruemmer-fuer-fiat-x1-9-fuer-zwei-weber-dcoe-40-vergaser\/","title":{"rendered":"Ansaugkr\u00fcmmer f\u00fcr Fiat X1\/9 f\u00fcr zwei Weber DCOE 40 Vergaser"},"content":{"rendered":"<p>Ansaugkr\u00fcmmer f\u00fcr Fiat X1\/9 f\u00fcr zwei Weber DCOE 40 Vergaser<\/p>\n<p><span style=\"background-color: initial;\">Diam. 40 mm.<\/span><\/p>\n<p><span style=\"background-color: initial;\">Neu, Alu.<\/span><\/p>\n<p>&nbsp;<\/p>\n","protected":false},"excerpt":{"rendered":"<p style=\"text-align: left;\">Ansaugkr\u00fcmmer f\u00fcr Fiat X1\/9 f\u00fcr zwei Weber DCOE 40 Vergaser<\/p>\n<p>&nbsp;<\/p>\n","protected":false},"featured_media":52315,"template":"","meta":{"_joinchat":[]},"product_brand":[],"product_cat":[7736,7778],"product_tag":[22661,22662,22572,22574,22531,22580],"class_list":{"0":"post-52308","1":"product","2":"type-product","3":"status-publish","4":"has-post-thumbnail","6":"product_cat-spare-parts-auto-Fiat","7":"product_cat-x-1-9","8":"product_tag-alfa-2-de","9":"product_tag-alfa-romeo-2-de","10":"product_tag-aspirazione-de","11":"product_tag-collettore-de","12":"product_tag-fiat-2-de","13":"product_tag-weber-2-de","15":"first","16":"instock","17":"taxable","18":"shipping-taxable","19":"purchasable","20":"product-type-simple"},"_links":{"self":[{"href":"https:\/\/www.autoricambilamolinara.com\/de\/wp-json\/wp\/v2\/product\/52308","targetHints":{"allow":["GET"]}}],"collection":[{"href":"https:\/\/www.autoricambilamolinara.com\/de\/wp-json\/wp\/v2\/product"}],"about":[{"href":"https:\/\/www.autoricambilamolinara.com\/de\/wp-json\/wp\/v2\/types\/product"}],"version-history":[{"count":1,"href":"https:\/\/www.autoricambilamolinara.com\/de\/wp-json\/wp\/v2\/product\/52308\/revisions"}],"predecessor-version":[{"id":52353,"href":"https:\/\/www.autoricambilamolinara.com\/de\/wp-json\/wp\/v2\/product\/52308\/revisions\/52353"}],"wp:featuredmedia":[{"embeddable":true,"href":"https:\/\/www.autoricambilamolinara.com\/de\/wp-json\/wp\/v2\/media\/52315"}],"wp:attachment":[{"href":"https:\/\/www.autoricambilamolinara.com\/de\/wp-json\/wp\/v2\/media?parent=52308"}],"wp:term":[{"taxonomy":"product_brand","embeddable":true,"href":"https:\/\/www.autoricambilamolinara.com\/de\/wp-json\/wp\/v2\/product_brand?post=52308"},{"taxonomy":"product_cat","embeddable":true,"href":"https:\/\/www.autoricambilamolinara.com\/de\/wp-json\/wp\/v2\/product_cat?post=52308"},{"taxonomy":"product_tag","embeddable":true,"href":"https:\/\/www.autoricambilamolinara.com\/de\/wp-json\/wp\/v2\/product_tag?post=52308"}],"curies":[{"name":"wp","href":"https:\/\/api.w.org\/{rel}","templated":true}]}}