{"id":42484,"date":"2022-09-08T13:47:33","date_gmt":"2022-09-09T13:44:19","guid":{"rendered":"http:\/\/dev.autoricambilamolinara.com\/senza-categoria\/61-capo-trasero-lancia-beta-sedan-original-82364980-maletero-puerta-posterior-trampilla\/"},"modified":"2022-09-09T15:44:19","modified_gmt":"2022-09-09T13:44:19","slug":"61-capo-trasero-lancia-beta-sedan-original-82364980-maletero-puerta-posterior-trampilla","status":"publish","type":"product","link":"https:\/\/www.autoricambilamolinara.com\/es\/61-capo-trasero-lancia-beta-sedan-original-82364980-maletero-puerta-posterior-trampilla\/","title":{"rendered":"Cap\u00f3 trasero Lancia Beta sed\u00e1n original 82364980 Maletero puerta posterior trampilla"},"content":{"rendered":"<p>Cap\u00f3 trasero para Lancia Beta sed\u00e1n<\/p>\n<p><\/p>\n<p>original \u00a0Lancia:\u00a0<span>82364980<\/span><\/p>\n<p><\/p>\n<p><span>Nuevo y original.<\/span><\/p>\n","protected":false},"excerpt":{"rendered":"<p>Cap\u00f3 trasero para Lancia Beta sed\u00e1n<\/p>\n","protected":false},"featured_media":938,"template":"","meta":{"_joinchat":[]},"product_brand":[],"product_cat":[7436],"product_tag":[23184],"class_list":{"0":"post-42484","1":"product","2":"type-product","3":"status-publish","4":"has-post-thumbnail","6":"product_cat-recambios-coches-Lancia","7":"product_tag-lancia-3-es","9":"first","10":"instock","11":"taxable","12":"shipping-taxable","13":"purchasable","14":"product-type-simple"},"_links":{"self":[{"href":"https:\/\/www.autoricambilamolinara.com\/es\/wp-json\/wp\/v2\/product\/42484","targetHints":{"allow":["GET"]}}],"collection":[{"href":"https:\/\/www.autoricambilamolinara.com\/es\/wp-json\/wp\/v2\/product"}],"about":[{"href":"https:\/\/www.autoricambilamolinara.com\/es\/wp-json\/wp\/v2\/types\/product"}],"version-history":[{"count":0,"href":"https:\/\/www.autoricambilamolinara.com\/es\/wp-json\/wp\/v2\/product\/42484\/revisions"}],"wp:featuredmedia":[{"embeddable":true,"href":"https:\/\/www.autoricambilamolinara.com\/es\/wp-json\/wp\/v2\/media\/938"}],"wp:attachment":[{"href":"https:\/\/www.autoricambilamolinara.com\/es\/wp-json\/wp\/v2\/media?parent=42484"}],"wp:term":[{"taxonomy":"product_brand","embeddable":true,"href":"https:\/\/www.autoricambilamolinara.com\/es\/wp-json\/wp\/v2\/product_brand?post=42484"},{"taxonomy":"product_cat","embeddable":true,"href":"https:\/\/www.autoricambilamolinara.com\/es\/wp-json\/wp\/v2\/product_cat?post=42484"},{"taxonomy":"product_tag","embeddable":true,"href":"https:\/\/www.autoricambilamolinara.com\/es\/wp-json\/wp\/v2\/product_tag?post=42484"}],"curies":[{"name":"wp","href":"https:\/\/api.w.org\/{rel}","templated":true}]}}