{"id":42953,"date":"2022-09-08T17:41:56","date_gmt":"2022-09-09T15:32:56","guid":{"rendered":"http:\/\/dev.autoricambilamolinara.com\/senza-categoria\/1008-colector-de-admision-desplazado-fiat-124-carburadores-weber-idf-seat-abarth\/"},"modified":"2025-03-25T15:12:48","modified_gmt":"2025-03-25T14:12:48","slug":"1008-colector-de-admision-desplazado-fiat-124-carburadores-weber-idf-seat-abarth","status":"publish","type":"product","link":"https:\/\/www.autoricambilamolinara.com\/es\/1008-colector-de-admision-desplazado-fiat-124-carburadores-weber-idf-seat-abarth\/","title":{"rendered":"colector de admisi\u00f3n desplazado FIAT 124 carburadores weber IDF seat abarth"},"content":{"rendered":"<p><span>Colector de admisi\u00f3n desplazado para motores bi\u00e1rbol Fiat \u00a0y seat 1600cc 1800cc y 2000cc<\/span><\/p>\n<p><\/p>\n<p><span>para 124 ,1430,131,132<\/span><\/p>\n<p><\/p>\n<p><span><span>el colector sirve para montar doble carburaci\u00f3n vertical IDF (weber)<\/span><\/span><\/p>\n<p><\/p>\n<p><span><span>Nuevo y en aluminio.<\/span><\/span><\/p>\n<p><\/p>\n<p>\u00a0<\/p>\n<p><\/p>\n<p><span><br \/><\/span><\/p>\n","protected":false},"excerpt":{"rendered":"<p>Colector de admision desplazado para Fiat y seat 124<\/p>\n","protected":false},"featured_media":1972,"template":"","meta":{"_joinchat":[]},"product_brand":[],"product_cat":[7459,7460,7466,7423,7447,7682],"product_tag":[25954,22674,22675,22541,23307],"class_list":{"0":"post-42953","1":"product","2":"type-product","3":"status-publish","4":"has-post-thumbnail","6":"product_cat-124-fiat","7":"product_cat-131-fiat","8":"product_cat-132-fiat","9":"product_cat-recambios-coches-Fiat","10":"product_cat-recambios-coches-Seat","11":"product_cat-seat-1430","12":"product_tag-124-es","13":"product_tag-alfa-2-es","14":"product_tag-alfa-romeo-2-es","15":"product_tag-fiat-2-es","16":"product_tag-weber-2-es","18":"first","19":"instock","20":"taxable","21":"shipping-taxable","22":"purchasable","23":"product-type-simple"},"_links":{"self":[{"href":"https:\/\/www.autoricambilamolinara.com\/es\/wp-json\/wp\/v2\/product\/42953","targetHints":{"allow":["GET"]}}],"collection":[{"href":"https:\/\/www.autoricambilamolinara.com\/es\/wp-json\/wp\/v2\/product"}],"about":[{"href":"https:\/\/www.autoricambilamolinara.com\/es\/wp-json\/wp\/v2\/types\/product"}],"version-history":[{"count":0,"href":"https:\/\/www.autoricambilamolinara.com\/es\/wp-json\/wp\/v2\/product\/42953\/revisions"}],"wp:featuredmedia":[{"embeddable":true,"href":"https:\/\/www.autoricambilamolinara.com\/es\/wp-json\/wp\/v2\/media\/1972"}],"wp:attachment":[{"href":"https:\/\/www.autoricambilamolinara.com\/es\/wp-json\/wp\/v2\/media?parent=42953"}],"wp:term":[{"taxonomy":"product_brand","embeddable":true,"href":"https:\/\/www.autoricambilamolinara.com\/es\/wp-json\/wp\/v2\/product_brand?post=42953"},{"taxonomy":"product_cat","embeddable":true,"href":"https:\/\/www.autoricambilamolinara.com\/es\/wp-json\/wp\/v2\/product_cat?post=42953"},{"taxonomy":"product_tag","embeddable":true,"href":"https:\/\/www.autoricambilamolinara.com\/es\/wp-json\/wp\/v2\/product_tag?post=42953"}],"curies":[{"name":"wp","href":"https:\/\/api.w.org\/{rel}","templated":true}]}}