{"id":43507,"date":"2022-09-08T19:50:07","date_gmt":"2022-09-09T17:35:06","guid":{"rendered":"http:\/\/dev.autoricambilamolinara.com\/senza-categoria\/2449-riv-613744d-2\/"},"modified":"2022-11-16T17:27:15","modified_gmt":"2022-11-16T16:27:15","slug":"2449-riv-613744d","status":"publish","type":"product","link":"https:\/\/www.autoricambilamolinara.com\/es\/2449-riv-613744d\/","title":{"rendered":"RIV 613744d Cojinete cambio Ferrari dino fiat 850  35&#215;72\/76&#215;27"},"content":{"rendered":"<p>Cojinete cambio<br \/>para:<br \/>Ferrari dino fiat 850<\/p>\n<p>MARCA: RIV<br \/>CODIGO: 613744d<br \/>MEDIDAS: 35&#215;72\/76&#215;27<br \/>Nuevo original de la epoca<\/p>\n<p><\/p>\n<p>el cojinete es perfecto. La caja original de carton a lo mejor est\u00e1 da\u00f1ada o no est\u00e1 disponible.<\/p>\n","protected":false},"excerpt":{"rendered":"<p>Cojinete cambio 613744d RIV<\/p>\n","protected":false},"featured_media":8259,"template":"","meta":{"_joinchat":[]},"product_brand":[],"product_cat":[7451],"product_tag":[23026,22541,23030],"class_list":{"0":"post-43507","1":"product","2":"type-product","3":"status-publish","4":"has-post-thumbnail","6":"product_cat-rodamientos","7":"product_tag-cuscinetto-2-es","8":"product_tag-fiat-2-es","9":"product_tag-riv-2-es","11":"first","12":"instock","13":"taxable","14":"shipping-taxable","15":"purchasable","16":"product-type-simple"},"_links":{"self":[{"href":"https:\/\/www.autoricambilamolinara.com\/es\/wp-json\/wp\/v2\/product\/43507","targetHints":{"allow":["GET"]}}],"collection":[{"href":"https:\/\/www.autoricambilamolinara.com\/es\/wp-json\/wp\/v2\/product"}],"about":[{"href":"https:\/\/www.autoricambilamolinara.com\/es\/wp-json\/wp\/v2\/types\/product"}],"version-history":[{"count":1,"href":"https:\/\/www.autoricambilamolinara.com\/es\/wp-json\/wp\/v2\/product\/43507\/revisions"}],"predecessor-version":[{"id":48736,"href":"https:\/\/www.autoricambilamolinara.com\/es\/wp-json\/wp\/v2\/product\/43507\/revisions\/48736"}],"wp:featuredmedia":[{"embeddable":true,"href":"https:\/\/www.autoricambilamolinara.com\/es\/wp-json\/wp\/v2\/media\/8259"}],"wp:attachment":[{"href":"https:\/\/www.autoricambilamolinara.com\/es\/wp-json\/wp\/v2\/media?parent=43507"}],"wp:term":[{"taxonomy":"product_brand","embeddable":true,"href":"https:\/\/www.autoricambilamolinara.com\/es\/wp-json\/wp\/v2\/product_brand?post=43507"},{"taxonomy":"product_cat","embeddable":true,"href":"https:\/\/www.autoricambilamolinara.com\/es\/wp-json\/wp\/v2\/product_cat?post=43507"},{"taxonomy":"product_tag","embeddable":true,"href":"https:\/\/www.autoricambilamolinara.com\/es\/wp-json\/wp\/v2\/product_tag?post=43507"}],"curies":[{"name":"wp","href":"https:\/\/api.w.org\/{rel}","templated":true}]}}