{"id":43894,"date":"2022-09-09T20:47:23","date_gmt":"2022-09-09T18:47:23","guid":{"rendered":"http:\/\/dev.autoricambilamolinara.com\/senza-categoria\/2840-101000330002-alfa-romeo-valvulas-de-admision-giulia-giulietta-1300-ti-spider-gt\/"},"modified":"2022-09-09T20:47:23","modified_gmt":"2022-09-09T18:47:23","slug":"2840-101000330002-alfa-romeo-valvulas-de-admision-giulia-giulietta-1300-ti-spider-gt","status":"publish","type":"product","link":"https:\/\/www.autoricambilamolinara.com\/es\/2840-101000330002-alfa-romeo-valvulas-de-admision-giulia-giulietta-1300-ti-spider-gt\/","title":{"rendered":"101000330002 Alfa Romeo v\u00e1lvulas de admisi\u00f3n Giulia Giulietta 1300 TI spider GT"},"content":{"rendered":"<p><span>v\u00e1lvulas de admisi\u00f3n original para Alfa Romeo<\/span><\/p>\n<p><\/p>\n<p>giulietta ti<br \/>giulia 1300<br \/>giulia 1300 ti<br \/>junior 1300 gt<br \/>spider<br \/>giulia 1300 tt<\/p>\n<p><\/p>\n<p>101000330002<\/p>\n<p><\/p>\n<p>10100.03.300.02<\/p>\n<p><\/p>\n<p>10100.03.300.02\/00<\/p>\n<p><\/p>\n<p>60709176\u00a0<\/p>\n<p><\/p>\n<p>Dimensioni:\u00a037 x 9 x 109<\/p>\n<p><\/p>\n<p>Nuevas y originales de la epoca<br \/>\u00a0<\/p>\n<p><\/p>\n<p>\u00a0<\/p>\n","protected":false},"excerpt":{"rendered":"<p><span>101000330002 Alfa Romeo v\u00e1lvulas de admisi\u00f3n Giulia Giulietta 1300 TI spider GT<\/span><\/p>\n","protected":false},"featured_media":16749,"template":"","meta":{"_joinchat":[]},"product_brand":[],"product_cat":[7424,7502,7501,7500],"product_tag":[12362,8367,13271,8363,10868,8365,8366,8592,8490,8370,8593,14620],"class_list":{"0":"post-43894","1":"product","2":"type-product","3":"status-publish","4":"has-post-thumbnail","6":"product_cat-recambios-coches-alfa-romeo","7":"product_cat-alfa-romeo-gt-junior","8":"product_cat-alfa-romeo-giulia","9":"product_cat-giulietta","10":"product_tag-12362","11":"product_tag-8367","12":"product_tag-admision","13":"product_tag-alfa","14":"product_tag-de","15":"product_tag-giulia","16":"product_tag-giulietta","17":"product_tag-gt","18":"product_tag-romeo","19":"product_tag-spider","20":"product_tag-ti","21":"product_tag-valvulas","23":"first","24":"instock","25":"taxable","26":"shipping-taxable","27":"purchasable","28":"product-type-simple"},"_links":{"self":[{"href":"https:\/\/www.autoricambilamolinara.com\/es\/wp-json\/wp\/v2\/product\/43894","targetHints":{"allow":["GET"]}}],"collection":[{"href":"https:\/\/www.autoricambilamolinara.com\/es\/wp-json\/wp\/v2\/product"}],"about":[{"href":"https:\/\/www.autoricambilamolinara.com\/es\/wp-json\/wp\/v2\/types\/product"}],"version-history":[{"count":0,"href":"https:\/\/www.autoricambilamolinara.com\/es\/wp-json\/wp\/v2\/product\/43894\/revisions"}],"wp:featuredmedia":[{"embeddable":true,"href":"https:\/\/www.autoricambilamolinara.com\/es\/wp-json\/wp\/v2\/media\/16749"}],"wp:attachment":[{"href":"https:\/\/www.autoricambilamolinara.com\/es\/wp-json\/wp\/v2\/media?parent=43894"}],"wp:term":[{"taxonomy":"product_brand","embeddable":true,"href":"https:\/\/www.autoricambilamolinara.com\/es\/wp-json\/wp\/v2\/product_brand?post=43894"},{"taxonomy":"product_cat","embeddable":true,"href":"https:\/\/www.autoricambilamolinara.com\/es\/wp-json\/wp\/v2\/product_cat?post=43894"},{"taxonomy":"product_tag","embeddable":true,"href":"https:\/\/www.autoricambilamolinara.com\/es\/wp-json\/wp\/v2\/product_tag?post=43894"}],"curies":[{"name":"wp","href":"https:\/\/api.w.org\/{rel}","templated":true}]}}