{"id":44333,"date":"2022-09-08T22:17:25","date_gmt":"2022-09-09T20:16:17","guid":{"rendered":"http:\/\/dev.autoricambilamolinara.com\/senza-categoria\/3308-4137306-4137307-albero-motore-fiat-600d-850-berlina-coupe-spider-originale-2\/"},"modified":"2024-09-23T09:16:34","modified_gmt":"2024-09-23T07:16:34","slug":"3308-4137306-4137307-albero-motore-fiat-600d-850-berlina-coupe-spider-originale","status":"publish","type":"product","link":"https:\/\/www.autoricambilamolinara.com\/es\/3308-4137306-4137307-albero-motore-fiat-600d-850-berlina-coupe-spider-originale\/","title":{"rendered":"4137306 4137307 cig\u00fce\u00f1al Fiat 600D 850 berlina coupe spider original de la epoca"},"content":{"rendered":"<p>4137306 4137307 cig\u00fce\u00f1al Fiat 600D 850 berlina coupe spider<\/p>\n<p>&nbsp;<\/p>\n<p>Nuevo y original de la epoca<\/p>\n<p>&nbsp;<\/p>\n<p>El ciguenal es nuevo y original de la epoca. con algunos signos del tiempo pero nuevo sin estrenar.<br \/>\nlas fotos son verdaderas.<\/p>\n<p>&nbsp;<\/p>\n<p>&nbsp;<\/p>\n","protected":false},"excerpt":{"rendered":"<p>4137306 4137307 cig\u00fce\u00f1al Fiat 600D 850 berlina coupe spider original de la epoca<\/p>\n","protected":false},"featured_media":73444,"template":"","meta":{"_joinchat":[]},"product_brand":[],"product_cat":[7423,7479,7469],"product_tag":[13312,13313,21283,21157,21236,21326,21345,21105],"class_list":{"0":"post-44333","1":"product","2":"type-product","3":"status-publish","4":"has-post-thumbnail","6":"product_cat-recambios-coches-Fiat","7":"product_cat-fiat-600","8":"product_cat-fiat-850","9":"product_tag-13312","10":"product_tag-13313","11":"product_tag-850-es","12":"product_tag-berlina-es","13":"product_tag-fiat-es","14":"product_tag-motore-es","15":"product_tag-originale-es","16":"product_tag-spider-es","18":"first","19":"outofstock","20":"taxable","21":"shipping-taxable","22":"purchasable","23":"product-type-simple"},"_links":{"self":[{"href":"https:\/\/www.autoricambilamolinara.com\/es\/wp-json\/wp\/v2\/product\/44333","targetHints":{"allow":["GET"]}}],"collection":[{"href":"https:\/\/www.autoricambilamolinara.com\/es\/wp-json\/wp\/v2\/product"}],"about":[{"href":"https:\/\/www.autoricambilamolinara.com\/es\/wp-json\/wp\/v2\/types\/product"}],"version-history":[{"count":2,"href":"https:\/\/www.autoricambilamolinara.com\/es\/wp-json\/wp\/v2\/product\/44333\/revisions"}],"predecessor-version":[{"id":73455,"href":"https:\/\/www.autoricambilamolinara.com\/es\/wp-json\/wp\/v2\/product\/44333\/revisions\/73455"}],"wp:featuredmedia":[{"embeddable":true,"href":"https:\/\/www.autoricambilamolinara.com\/es\/wp-json\/wp\/v2\/media\/73444"}],"wp:attachment":[{"href":"https:\/\/www.autoricambilamolinara.com\/es\/wp-json\/wp\/v2\/media?parent=44333"}],"wp:term":[{"taxonomy":"product_brand","embeddable":true,"href":"https:\/\/www.autoricambilamolinara.com\/es\/wp-json\/wp\/v2\/product_brand?post=44333"},{"taxonomy":"product_cat","embeddable":true,"href":"https:\/\/www.autoricambilamolinara.com\/es\/wp-json\/wp\/v2\/product_cat?post=44333"},{"taxonomy":"product_tag","embeddable":true,"href":"https:\/\/www.autoricambilamolinara.com\/es\/wp-json\/wp\/v2\/product_tag?post=44333"}],"curies":[{"name":"wp","href":"https:\/\/api.w.org\/{rel}","templated":true}]}}