{"id":44335,"date":"2022-09-09T22:16:42","date_gmt":"2022-09-09T20:16:42","guid":{"rendered":"http:\/\/dev.autoricambilamolinara.com\/senza-categoria\/3310-4160881-4160879-ciguenal-fiat-124-coupe-spider-1438-cc-dohc-original-de-la-epoca\/"},"modified":"2022-09-09T22:16:42","modified_gmt":"2022-09-09T20:16:42","slug":"3310-4160881-4160879-ciguenal-fiat-124-coupe-spider-1438-cc-dohc-original-de-la-epoca","status":"publish","type":"product","link":"https:\/\/www.autoricambilamolinara.com\/es\/3310-4160881-4160879-ciguenal-fiat-124-coupe-spider-1438-cc-dohc-original-de-la-epoca\/","title":{"rendered":"4160881 4160879 cig\u00fce\u00f1al Fiat 124 coupe spider 1438 CC DOHC Original de la epoca"},"content":{"rendered":"<p><span>4160881 4160879 cig\u00fce\u00f1al Fiat 124 coupe spider 1438 CC DOHC<\/span><\/p>\n<p><\/p>\n<p>Nuevo y original de la epoca<\/p>\n<p><\/p>\n<p>El ciguenal es nuevo y original de la epoca. con algunos signos del tiempo pero nuevo sin eestrenar.<br \/>las fotos son verdaderas.<\/p>\n<p><\/p>\n<p>la caja original de carton a lo mejor esta da\u00f1ada o no esta disponible<\/p>\n<p><\/p>\n<p>\u00a0<\/p>\n<p><\/p>\n<p>Ubicacion:\u00a04160881A<\/p>\n<p><\/p>\n<p>\u00a0<\/p>\n","protected":false},"excerpt":{"rendered":"<p><span>4160881 4160879 cig\u00fce\u00f1al Fiat 124 coupe spider 1438 CC DOHC Original de la epoca<\/span><\/p>\n","protected":false},"featured_media":25717,"template":"","meta":{"_joinchat":[]},"product_brand":[],"product_cat":[7423,7459],"product_tag":[8437,8796,13315,13314,8567,14518,8794,12194,8422,10840,8370],"class_list":{"0":"post-44335","1":"product","2":"type-product","3":"status-publish","4":"has-post-thumbnail","6":"product_cat-recambios-coches-Fiat","7":"product_cat-124-fiat","8":"product_tag-124-tag","9":"product_tag-8796","10":"product_tag-13315","11":"product_tag-13314","12":"product_tag-cc","13":"product_tag-ciguenal","14":"product_tag-coupe","15":"product_tag-dohc","16":"product_tag-fiat","17":"product_tag-original","18":"product_tag-spider","20":"first","21":"outofstock","22":"taxable","23":"shipping-taxable","24":"purchasable","25":"product-type-simple"},"_links":{"self":[{"href":"https:\/\/www.autoricambilamolinara.com\/es\/wp-json\/wp\/v2\/product\/44335","targetHints":{"allow":["GET"]}}],"collection":[{"href":"https:\/\/www.autoricambilamolinara.com\/es\/wp-json\/wp\/v2\/product"}],"about":[{"href":"https:\/\/www.autoricambilamolinara.com\/es\/wp-json\/wp\/v2\/types\/product"}],"version-history":[{"count":0,"href":"https:\/\/www.autoricambilamolinara.com\/es\/wp-json\/wp\/v2\/product\/44335\/revisions"}],"wp:featuredmedia":[{"embeddable":true,"href":"https:\/\/www.autoricambilamolinara.com\/es\/wp-json\/wp\/v2\/media\/25717"}],"wp:attachment":[{"href":"https:\/\/www.autoricambilamolinara.com\/es\/wp-json\/wp\/v2\/media?parent=44335"}],"wp:term":[{"taxonomy":"product_brand","embeddable":true,"href":"https:\/\/www.autoricambilamolinara.com\/es\/wp-json\/wp\/v2\/product_brand?post=44335"},{"taxonomy":"product_cat","embeddable":true,"href":"https:\/\/www.autoricambilamolinara.com\/es\/wp-json\/wp\/v2\/product_cat?post=44335"},{"taxonomy":"product_tag","embeddable":true,"href":"https:\/\/www.autoricambilamolinara.com\/es\/wp-json\/wp\/v2\/product_tag?post=44335"}],"curies":[{"name":"wp","href":"https:\/\/api.w.org\/{rel}","templated":true}]}}