{"id":44339,"date":"2022-09-09T22:17:27","date_gmt":"2022-09-09T20:17:27","guid":{"rendered":"http:\/\/dev.autoricambilamolinara.com\/senza-categoria\/3314-ciguenal-original-de-la-epoca-fiat-4238530-4238531-fiat-124-fiat-132-fiat-131\/"},"modified":"2022-09-09T22:17:27","modified_gmt":"2022-09-09T20:17:27","slug":"3314-ciguenal-original-de-la-epoca-fiat-4238530-4238531-fiat-124-fiat-132-fiat-131","status":"publish","type":"product","link":"https:\/\/www.autoricambilamolinara.com\/es\/3314-ciguenal-original-de-la-epoca-fiat-4238530-4238531-fiat-124-fiat-132-fiat-131\/","title":{"rendered":"cig\u00fce\u00f1al original de la epoca Fiat 4238530 4238531 Fiat 124 Fiat 132 Fiat 131"},"content":{"rendered":"<p><span>cig\u00fce\u00f1al original de la epoca Fiat 4238530 4238531 Fiat 124 Fiat 132 Fiat 131<\/span><\/p>\n<p><\/p>\n<p>Nuevo y original de la epoca<\/p>\n<p><\/p>\n<p>El ciguenal es nuevo y original de la epoca. con algunos signos del tiempo pero nuevo sin eestrenar.<br \/>las fotos son verdaderas, recibes lo que vees.<\/p>\n<p><\/p>\n<p>la caja original de carton a lo mejor esta da\u00f1ada o no esta disponible<\/p>\n<p><\/p>\n<p>\u00a0<\/p>\n<p><\/p>\n<p>Ubicacion:4238530<\/p>\n<p><\/p>\n<p>Numero en la fundicion:\u00a04238531<\/p>\n<p><\/p>\n<p>\u00a0<\/p>\n","protected":false},"excerpt":{"rendered":"<p><span>cig\u00fce\u00f1al original de la epoca Fiat 4238530 4238531 Fiat 124 Fiat 132 Fiat 131<\/span><\/p>\n<p>Original de la epoca<\/p>\n","protected":false},"featured_media":25825,"template":"","meta":{"_joinchat":[]},"product_brand":[],"product_cat":[7423,7459,7460,7466],"product_tag":[8437,8811,8483,13318,13319,14518,10868,12431,8422,11923,10840],"class_list":{"0":"post-44339","1":"product","2":"type-product","3":"status-publish","4":"has-post-thumbnail","6":"product_cat-recambios-coches-Fiat","7":"product_cat-124-fiat","8":"product_cat-131-fiat","9":"product_cat-132-fiat","10":"product_tag-124-tag","11":"product_tag-131-tag","12":"product_tag-132-tag","13":"product_tag-13318","14":"product_tag-13319","15":"product_tag-ciguenal","16":"product_tag-de","17":"product_tag-epoca","18":"product_tag-fiat","19":"product_tag-la","20":"product_tag-original","22":"first","23":"outofstock","24":"taxable","25":"shipping-taxable","26":"purchasable","27":"product-type-simple"},"_links":{"self":[{"href":"https:\/\/www.autoricambilamolinara.com\/es\/wp-json\/wp\/v2\/product\/44339","targetHints":{"allow":["GET"]}}],"collection":[{"href":"https:\/\/www.autoricambilamolinara.com\/es\/wp-json\/wp\/v2\/product"}],"about":[{"href":"https:\/\/www.autoricambilamolinara.com\/es\/wp-json\/wp\/v2\/types\/product"}],"version-history":[{"count":0,"href":"https:\/\/www.autoricambilamolinara.com\/es\/wp-json\/wp\/v2\/product\/44339\/revisions"}],"wp:featuredmedia":[{"embeddable":true,"href":"https:\/\/www.autoricambilamolinara.com\/es\/wp-json\/wp\/v2\/media\/25825"}],"wp:attachment":[{"href":"https:\/\/www.autoricambilamolinara.com\/es\/wp-json\/wp\/v2\/media?parent=44339"}],"wp:term":[{"taxonomy":"product_brand","embeddable":true,"href":"https:\/\/www.autoricambilamolinara.com\/es\/wp-json\/wp\/v2\/product_brand?post=44339"},{"taxonomy":"product_cat","embeddable":true,"href":"https:\/\/www.autoricambilamolinara.com\/es\/wp-json\/wp\/v2\/product_cat?post=44339"},{"taxonomy":"product_tag","embeddable":true,"href":"https:\/\/www.autoricambilamolinara.com\/es\/wp-json\/wp\/v2\/product_tag?post=44339"}],"curies":[{"name":"wp","href":"https:\/\/api.w.org\/{rel}","templated":true}]}}