{"id":44346,"date":"2022-09-09T22:18:50","date_gmt":"2022-09-09T20:18:50","guid":{"rendered":"http:\/\/dev.autoricambilamolinara.com\/senza-categoria\/3321-ciguenal-de-la-epoca-fiat-128a064-4194595-4194596-fiat-128-bielas\/"},"modified":"2022-09-09T22:18:50","modified_gmt":"2022-09-09T20:18:50","slug":"3321-ciguenal-de-la-epoca-fiat-128a064-4194595-4194596-fiat-128-bielas-","status":"publish","type":"product","link":"https:\/\/www.autoricambilamolinara.com\/es\/3321-ciguenal-de-la-epoca-fiat-128a064-4194595-4194596-fiat-128-bielas-\/","title":{"rendered":"cig\u00fce\u00f1al de la epoca Fiat 128A064 4194595 4194596 Fiat 128 + bielas"},"content":{"rendered":"<p>cig\u00fce\u00f1al de la epoca Fiat 128A064 4194595 4194596 Fiat 128 + bielas\u00a0<\/p>\n<p><\/p>\n<p>Nuevo de la epoca<\/p>\n<p><\/p>\n<p>El ciguenal es nuevo y original de la epoca. con algunos signos del tiempo pero nuevo sin eestrenar.<br \/>las fotos son verdaderas, recibes lo que vees.<\/p>\n<p><\/p>\n<p>la caja original de carton a lo mejor esta da\u00f1ada o no esta disponible<\/p>\n<p><\/p>\n<p>\u00a0<\/p>\n<p><\/p>\n<p>Ubicacion:\u00a04194595<\/p>\n<p><\/p>\n<p>Numero en la fundicion:\u00a04194596\u00a0128A064<\/p>\n<p><\/p>\n<p>\u00a0<\/p>\n","protected":false},"excerpt":{"rendered":"<p>cig\u00fce\u00f1al de la epoca Fiat 128A064 4194595 4194596 Fiat 128 + bielas\u00a0<\/p>\n<p>Nuevo de la epoca<\/p>\n","protected":false},"featured_media":37421,"template":"","meta":{"_joinchat":[]},"product_brand":[],"product_cat":[7423,7473],"product_tag":[8453,13330,13323,13324,14748,14518,10868,12431,8422,11923,10840],"class_list":{"0":"post-44346","1":"product","2":"type-product","3":"status-publish","4":"has-post-thumbnail","6":"product_cat-recambios-coches-Fiat","7":"product_cat-fiat-128","8":"product_tag-8453","9":"product_tag-128a064","10":"product_tag-13323","11":"product_tag-13324","12":"product_tag-bielas","13":"product_tag-ciguenal","14":"product_tag-de","15":"product_tag-epoca","16":"product_tag-fiat","17":"product_tag-la","18":"product_tag-original","20":"first","21":"instock","22":"taxable","23":"shipping-taxable","24":"purchasable","25":"product-type-simple"},"_links":{"self":[{"href":"https:\/\/www.autoricambilamolinara.com\/es\/wp-json\/wp\/v2\/product\/44346","targetHints":{"allow":["GET"]}}],"collection":[{"href":"https:\/\/www.autoricambilamolinara.com\/es\/wp-json\/wp\/v2\/product"}],"about":[{"href":"https:\/\/www.autoricambilamolinara.com\/es\/wp-json\/wp\/v2\/types\/product"}],"version-history":[{"count":0,"href":"https:\/\/www.autoricambilamolinara.com\/es\/wp-json\/wp\/v2\/product\/44346\/revisions"}],"wp:featuredmedia":[{"embeddable":true,"href":"https:\/\/www.autoricambilamolinara.com\/es\/wp-json\/wp\/v2\/media\/37421"}],"wp:attachment":[{"href":"https:\/\/www.autoricambilamolinara.com\/es\/wp-json\/wp\/v2\/media?parent=44346"}],"wp:term":[{"taxonomy":"product_brand","embeddable":true,"href":"https:\/\/www.autoricambilamolinara.com\/es\/wp-json\/wp\/v2\/product_brand?post=44346"},{"taxonomy":"product_cat","embeddable":true,"href":"https:\/\/www.autoricambilamolinara.com\/es\/wp-json\/wp\/v2\/product_cat?post=44346"},{"taxonomy":"product_tag","embeddable":true,"href":"https:\/\/www.autoricambilamolinara.com\/es\/wp-json\/wp\/v2\/product_tag?post=44346"}],"curies":[{"name":"wp","href":"https:\/\/api.w.org\/{rel}","templated":true}]}}