{"id":44347,"date":"2022-09-09T22:19:03","date_gmt":"2022-09-09T20:19:03","guid":{"rendered":"http:\/\/dev.autoricambilamolinara.com\/senza-categoria\/3322-ciguenal-original-de-la-epoca-fiat-4109372-4109373-fiat-850-900t\/"},"modified":"2022-09-09T22:19:03","modified_gmt":"2022-09-09T20:19:03","slug":"3322-ciguenal-original-de-la-epoca-fiat-4109372-4109373-fiat-850-900t","status":"publish","type":"product","link":"https:\/\/www.autoricambilamolinara.com\/es\/3322-ciguenal-original-de-la-epoca-fiat-4109372-4109373-fiat-850-900t\/","title":{"rendered":"cig\u00fce\u00f1al original de la epoca Fiat 4109372 4109373 Fiat 850 900T"},"content":{"rendered":"<p><span>cig\u00fce\u00f1al original de la epoca Fiat 4109372 4109373 Fiat 850 900T<\/span><\/p>\n<p><\/p>\n<p>original de la epoca<\/p>\n<p><\/p>\n<p>El ciguenal es original de la epoca. con algunos signos del tiempo.<br \/>las fotos son verdaderas, recibes lo que vees.<\/p>\n<p><\/p>\n<p>la caja original de carton a lo mejor esta da\u00f1ada o no esta disponible<\/p>\n<p><\/p>\n<p>\u00a0<\/p>\n<p><\/p>\n<p>Ubicacion:4109372<\/p>\n<p><\/p>\n<p>Numero en la fundicion:\u00a04109373<\/p>\n<p><\/p>\n<p>\u00a0<\/p>\n","protected":false},"excerpt":{"rendered":"<p><span><span>cig\u00fce\u00f1al de la epoca Fiat 4109372 4109373 Fiat 850 900T<\/span><\/span><\/p>\n","protected":false},"featured_media":26200,"template":"","meta":{"_joinchat":[]},"product_brand":[],"product_cat":[7423,7462,7469],"product_tag":[13331,13332,8443,10263,14518,10868,12431,8422,11923,10840],"class_list":{"0":"post-44347","1":"product","2":"type-product","3":"status-publish","4":"has-post-thumbnail","6":"product_cat-recambios-coches-Fiat","7":"product_cat-900-fiat","8":"product_cat-fiat-850","9":"product_tag-13331","10":"product_tag-13332","11":"product_tag-8443","12":"product_tag-900t","13":"product_tag-ciguenal","14":"product_tag-de","15":"product_tag-epoca","16":"product_tag-fiat","17":"product_tag-la","18":"product_tag-original","20":"first","21":"outofstock","22":"taxable","23":"shipping-taxable","24":"purchasable","25":"product-type-simple"},"_links":{"self":[{"href":"https:\/\/www.autoricambilamolinara.com\/es\/wp-json\/wp\/v2\/product\/44347","targetHints":{"allow":["GET"]}}],"collection":[{"href":"https:\/\/www.autoricambilamolinara.com\/es\/wp-json\/wp\/v2\/product"}],"about":[{"href":"https:\/\/www.autoricambilamolinara.com\/es\/wp-json\/wp\/v2\/types\/product"}],"version-history":[{"count":0,"href":"https:\/\/www.autoricambilamolinara.com\/es\/wp-json\/wp\/v2\/product\/44347\/revisions"}],"wp:featuredmedia":[{"embeddable":true,"href":"https:\/\/www.autoricambilamolinara.com\/es\/wp-json\/wp\/v2\/media\/26200"}],"wp:attachment":[{"href":"https:\/\/www.autoricambilamolinara.com\/es\/wp-json\/wp\/v2\/media?parent=44347"}],"wp:term":[{"taxonomy":"product_brand","embeddable":true,"href":"https:\/\/www.autoricambilamolinara.com\/es\/wp-json\/wp\/v2\/product_brand?post=44347"},{"taxonomy":"product_cat","embeddable":true,"href":"https:\/\/www.autoricambilamolinara.com\/es\/wp-json\/wp\/v2\/product_cat?post=44347"},{"taxonomy":"product_tag","embeddable":true,"href":"https:\/\/www.autoricambilamolinara.com\/es\/wp-json\/wp\/v2\/product_tag?post=44347"}],"curies":[{"name":"wp","href":"https:\/\/api.w.org\/{rel}","templated":true}]}}