{"id":44561,"date":"2022-09-09T23:05:04","date_gmt":"2022-09-09T21:05:04","guid":{"rendered":"http:\/\/dev.autoricambilamolinara.com\/senza-categoria\/3546-anillos-de-piston-fiat-124-coupe-80x152396-06mm-8060-sp5234ef-euroform\/"},"modified":"2022-09-09T23:05:04","modified_gmt":"2022-09-09T21:05:04","slug":"3546-anillos-de-piston-fiat-124-coupe-80x152396-06mm-8060-sp5234ef-euroform","status":"publish","type":"product","link":"https:\/\/www.autoricambilamolinara.com\/es\/3546-anillos-de-piston-fiat-124-coupe-80x152396-06mm-8060-sp5234ef-euroform\/","title":{"rendered":"anillos de pist\u00f3n Fiat 124 Coup\u00e8 80&#215;1.5+2+3.96 +0.6mm 80.60 SP5234EF EUROFORM"},"content":{"rendered":"<p>anillos de pist\u00f3n Fiat 124 Coup\u00e8 80&#215;1.5+2+3.96 SP5234EF +0.6mm 80.60 EUROFORM<\/p>\n<p><\/p>\n<p>Nuevos de la epoca.<\/p>\n<p><\/p>\n<p><span>si no encuentras lo que buscas.\u00a0<\/span><\/p>\n<p><\/p>\n<p><span>si no encuentras lo que buscas ll\u00e1menos. tenemos muchas series de anillos de pist\u00f3n en stock.<\/span><\/p>\n","protected":false},"excerpt":{"rendered":"<p><span>anillos de pist\u00f3n Fiat 124 Coup\u00e8 80&#215;1.5+2+3.96 SP5234EF +0.6mm 80.60 EUROFORM<\/span><\/p>\n","protected":false},"featured_media":29389,"template":"","meta":{"_joinchat":[]},"product_brand":[],"product_cat":[7423,7459],"product_tag":[13428,8941,8437,8604,13455,9232,14307,13693,8794,10868,13433,8422,13424,13552],"class_list":{"0":"post-44561","1":"product","2":"type-product","3":"status-publish","4":"has-post-thumbnail","6":"product_cat-recambios-coches-Fiat","7":"product_cat-124-fiat","8":"product_tag-0-6mm","9":"product_tag-1-5","10":"product_tag-124-tag","11":"product_tag-8604","12":"product_tag-3-96","13":"product_tag-9232","14":"product_tag-80-60","15":"product_tag-anillos","16":"product_tag-coupe","17":"product_tag-de","18":"product_tag-euro-form","19":"product_tag-fiat","20":"product_tag-piston","21":"product_tag-sp5234","23":"first","24":"instock","25":"taxable","26":"shipping-taxable","27":"purchasable","28":"product-type-simple"},"_links":{"self":[{"href":"https:\/\/www.autoricambilamolinara.com\/es\/wp-json\/wp\/v2\/product\/44561","targetHints":{"allow":["GET"]}}],"collection":[{"href":"https:\/\/www.autoricambilamolinara.com\/es\/wp-json\/wp\/v2\/product"}],"about":[{"href":"https:\/\/www.autoricambilamolinara.com\/es\/wp-json\/wp\/v2\/types\/product"}],"version-history":[{"count":0,"href":"https:\/\/www.autoricambilamolinara.com\/es\/wp-json\/wp\/v2\/product\/44561\/revisions"}],"wp:featuredmedia":[{"embeddable":true,"href":"https:\/\/www.autoricambilamolinara.com\/es\/wp-json\/wp\/v2\/media\/29389"}],"wp:attachment":[{"href":"https:\/\/www.autoricambilamolinara.com\/es\/wp-json\/wp\/v2\/media?parent=44561"}],"wp:term":[{"taxonomy":"product_brand","embeddable":true,"href":"https:\/\/www.autoricambilamolinara.com\/es\/wp-json\/wp\/v2\/product_brand?post=44561"},{"taxonomy":"product_cat","embeddable":true,"href":"https:\/\/www.autoricambilamolinara.com\/es\/wp-json\/wp\/v2\/product_cat?post=44561"},{"taxonomy":"product_tag","embeddable":true,"href":"https:\/\/www.autoricambilamolinara.com\/es\/wp-json\/wp\/v2\/product_tag?post=44561"}],"curies":[{"name":"wp","href":"https:\/\/api.w.org\/{rel}","templated":true}]}}