{"id":44650,"date":"2022-09-08T23:33:31","date_gmt":"2022-09-09T21:27:19","guid":{"rendered":"http:\/\/dev.autoricambilamolinara.com\/senza-categoria\/3638-radiatore-interno-riscaldamento-abitacolo-nuovo-per-renault-r4-dal-1971-al-1993-2\/"},"modified":"2022-09-09T23:27:19","modified_gmt":"2022-09-09T21:27:19","slug":"3638-radiatore-interno-riscaldamento-abitacolo-nuovo-per-renault-r4-dal-1971-al-1993","status":"publish","type":"product","link":"https:\/\/www.autoricambilamolinara.com\/es\/3638-radiatore-interno-riscaldamento-abitacolo-nuovo-per-renault-r4-dal-1971-al-1993\/","title":{"rendered":"radiador de calefacci\u00f3n del habit\u00e1culo para Renault R4 R 4 desde 1971 hasta 1993"},"content":{"rendered":"<p><span>radiador de calefacci\u00f3n del habit\u00e1culo nuevo para Renault R4 R 4 desde 1971 hasta 1993<\/span><\/p>\n","protected":false},"excerpt":{"rendered":"<p><span>radiador de calefacci\u00f3n del habit\u00e1culo para Renault R4 R 4 desde 1971 hasta 1993<\/span><\/p>\n","protected":false},"featured_media":29826,"template":"","meta":{"_joinchat":[]},"product_brand":[],"product_cat":[7445,7658,7655],"product_tag":[8474,22627,21857],"class_list":{"0":"post-44650","1":"product","2":"type-product","3":"status-publish","4":"has-post-thumbnail","6":"product_cat-recambios-coches-Renault","7":"product_cat-renault-4cv","8":"product_cat-renault-r4","9":"product_tag-nuovo","10":"product_tag-radiatore-es","11":"product_tag-renault-es","13":"first","14":"instock","15":"taxable","16":"shipping-taxable","17":"purchasable","18":"product-type-simple"},"_links":{"self":[{"href":"https:\/\/www.autoricambilamolinara.com\/es\/wp-json\/wp\/v2\/product\/44650","targetHints":{"allow":["GET"]}}],"collection":[{"href":"https:\/\/www.autoricambilamolinara.com\/es\/wp-json\/wp\/v2\/product"}],"about":[{"href":"https:\/\/www.autoricambilamolinara.com\/es\/wp-json\/wp\/v2\/types\/product"}],"version-history":[{"count":0,"href":"https:\/\/www.autoricambilamolinara.com\/es\/wp-json\/wp\/v2\/product\/44650\/revisions"}],"wp:featuredmedia":[{"embeddable":true,"href":"https:\/\/www.autoricambilamolinara.com\/es\/wp-json\/wp\/v2\/media\/29826"}],"wp:attachment":[{"href":"https:\/\/www.autoricambilamolinara.com\/es\/wp-json\/wp\/v2\/media?parent=44650"}],"wp:term":[{"taxonomy":"product_brand","embeddable":true,"href":"https:\/\/www.autoricambilamolinara.com\/es\/wp-json\/wp\/v2\/product_brand?post=44650"},{"taxonomy":"product_cat","embeddable":true,"href":"https:\/\/www.autoricambilamolinara.com\/es\/wp-json\/wp\/v2\/product_cat?post=44650"},{"taxonomy":"product_tag","embeddable":true,"href":"https:\/\/www.autoricambilamolinara.com\/es\/wp-json\/wp\/v2\/product_tag?post=44650"}],"curies":[{"name":"wp","href":"https:\/\/api.w.org\/{rel}","templated":true}]}}